{"id":935,"date":"2021-06-22T13:23:22","date_gmt":"2021-06-22T13:23:22","guid":{"rendered":"https:\/\/appgaragemedia.com\/infinitysmiles\/bloglar\/"},"modified":"2025-04-09T13:13:55","modified_gmt":"2025-04-09T13:13:55","slug":"blog","status":"publish","type":"page","link":"https:\/\/infinitysmiles.net\/tr\/blog\/","title":{"rendered":"Bloglar"},"content":{"rendered":"<section data-bb-version=\"5.2.3\" id=\"bt_bb_section69dedeec69190\" class=\"bt_bb_section bt_bb_layout_boxed_1200\"  data-bt-override-class=\"null\"><div class=\"bt_bb_port\"><div class=\"bt_bb_cell\"><div class=\"bt_bb_cell_inner\"><div class=\"bt_bb_row \"  data-bt-override-class=\"{}\"><div class=\"bt_bb_row_holder\" ><div data-bb-version=\"5.2.3\"  class=\"bt_bb_column col-xxl-12 col-xl-12 col-xs-12 col-sm-12 col-md-12 col-lg-12 bt_bb_vertical_align_top bt_bb_align_left bt_bb_padding_normal\"  data-width=\"12\" data-bt-override-class=\"{}\"><div class=\"bt_bb_column_content\"><div data-bb-version=\"5.2.3\" class=\"bt_bb_latest_posts bt_bb_columns_4 bt_bb_gap_normal bt_bb_look_highlighted bt_bb_image_shape_square\"><div class=\"bt_bb_latest_posts_item\"><div class=\"bt_bb_latest_posts_item_image\"><a href=\"https:\/\/infinitysmiles.net\/tr\/2025\/09\/11\/%f0%9f%a6%b7-sinus-lifting-ve-kemik-grefti-aciklamasi-ne-zaman-gerekir\/\" target=\"_self\"><img decoding=\"async\" src=\"https:\/\/infinitysmiles.net\/wp-content\/plugins\/bold-page-builder\/img\/blank.gif\" alt=\"\ud83e\uddb7 Sin\u00fcs Lifting ve Kemik Grefti A\u00e7\u0131klamas\u0131: Ne Zaman Gerekir?\" title=\"\ud83e\uddb7 Sin\u00fcs Lifting ve Kemik Grefti A\u00e7\u0131klamas\u0131: Ne Zaman Gerekir?\" class=\"btLazyLoadImage\"  data-image_src=\"https:\/\/infinitysmiles.net\/wp-content\/uploads\/2021\/09\/A2.png\"><\/a><\/div><div class=\"bt_bb_latest_posts_item_content\"><div class=\"bt_bb_latest_posts_item_meta\"><span class=\"bt_bb_latest_posts_item_date\">Eyl\u00fcl 11, 2025<\/span><\/div><h5 class=\"bt_bb_latest_posts_item_title\"><a href=\"https:\/\/infinitysmiles.net\/tr\/2025\/09\/11\/%f0%9f%a6%b7-sinus-lifting-ve-kemik-grefti-aciklamasi-ne-zaman-gerekir\/\" target=\"_self\">\ud83e\uddb7 Sin\u00fcs Lifting ve Kemik Grefti A\u00e7\u0131klamas\u0131: Ne Zaman Gerekir?<\/a><\/h5><\/div><\/div><div class=\"bt_bb_latest_posts_item\"><div class=\"bt_bb_latest_posts_item_image\"><a href=\"https:\/\/infinitysmiles.net\/tr\/2025\/07\/20\/dis-eti-sagliginizi-nasil-koruyabilirsiniz\/\" target=\"_self\"><img decoding=\"async\" src=\"https:\/\/infinitysmiles.net\/wp-content\/plugins\/bold-page-builder\/img\/blank.gif\" alt=\"Di\u015f eti sa\u011fl\u0131\u011f\u0131n\u0131z\u0131 nas\u0131l koruyabilirsiniz?\" title=\"Di\u015f eti sa\u011fl\u0131\u011f\u0131n\u0131z\u0131 nas\u0131l koruyabilirsiniz?\" class=\"btLazyLoadImage\"  data-image_src=\"https:\/\/infinitysmiles.net\/wp-content\/uploads\/2021\/10\/WhatsApp-Image-2021-10-05-at-1.00-640x640.png\"><\/a><\/div><div class=\"bt_bb_latest_posts_item_content\"><div class=\"bt_bb_latest_posts_item_meta\"><span class=\"bt_bb_latest_posts_item_date\">Temmuz 20, 2025<\/span><\/div><h5 class=\"bt_bb_latest_posts_item_title\"><a href=\"https:\/\/infinitysmiles.net\/tr\/2025\/07\/20\/dis-eti-sagliginizi-nasil-koruyabilirsiniz\/\" target=\"_self\">Di\u015f eti sa\u011fl\u0131\u011f\u0131n\u0131z\u0131 nas\u0131l koruyabilirsiniz?<\/a><\/h5><\/div><\/div><div class=\"bt_bb_latest_posts_item\"><div class=\"bt_bb_latest_posts_item_image\"><a href=\"https:\/\/infinitysmiles.net\/tr\/2025\/07\/17\/iyilesme-sureci-nasil-isler-2\/\" target=\"_self\"><img decoding=\"async\" src=\"https:\/\/infinitysmiles.net\/wp-content\/plugins\/bold-page-builder\/img\/blank.gif\" alt=\"\u0130yile\u015fme S\u00fcreci Nas\u0131l \u0130\u015fler?\" title=\"\u0130yile\u015fme S\u00fcreci Nas\u0131l \u0130\u015fler?\" class=\"btLazyLoadImage\"  data-image_src=\"https:\/\/infinitysmiles.net\/wp-content\/uploads\/2022\/12\/rcb4_xblg_220302-640x640.jpg\"><\/a><\/div><div class=\"bt_bb_latest_posts_item_content\"><div class=\"bt_bb_latest_posts_item_meta\"><span class=\"bt_bb_latest_posts_item_date\">Temmuz 17, 2025<\/span><\/div><h5 class=\"bt_bb_latest_posts_item_title\"><a href=\"https:\/\/infinitysmiles.net\/tr\/2025\/07\/17\/iyilesme-sureci-nasil-isler-2\/\" target=\"_self\">\u0130yile\u015fme S\u00fcreci Nas\u0131l \u0130\u015fler?<\/a><\/h5><\/div><\/div><div class=\"bt_bb_latest_posts_item\"><div class=\"bt_bb_latest_posts_item_image\"><a href=\"https:\/\/infinitysmiles.net\/tr\/2025\/06\/22\/dis-estetigi-ozguveninizi-nasil-etkiler-2\/\" target=\"_self\"><img decoding=\"async\" src=\"https:\/\/infinitysmiles.net\/wp-content\/plugins\/bold-page-builder\/img\/blank.gif\" alt=\"Di\u015f Esteti\u011fi \u00d6zg\u00fcveninizi Nas\u0131l Etkiler?\" title=\"Di\u015f Esteti\u011fi \u00d6zg\u00fcveninizi Nas\u0131l Etkiler?\" class=\"btLazyLoadImage\"  data-image_src=\"https:\/\/infinitysmiles.net\/wp-content\/uploads\/2020\/01\/featured_image_shop_four_columns-640x640.jpg\"><\/a><\/div><div class=\"bt_bb_latest_posts_item_content\"><div class=\"bt_bb_latest_posts_item_meta\"><span class=\"bt_bb_latest_posts_item_date\">Haziran 22, 2025<\/span><\/div><h5 class=\"bt_bb_latest_posts_item_title\"><a href=\"https:\/\/infinitysmiles.net\/tr\/2025\/06\/22\/dis-estetigi-ozguveninizi-nasil-etkiler-2\/\" target=\"_self\">Di\u015f Esteti\u011fi \u00d6zg\u00fcveninizi Nas\u0131l Etkiler?<\/a><\/h5><\/div><\/div><div class=\"bt_bb_latest_posts_item\"><div class=\"bt_bb_latest_posts_item_image\"><a href=\"https:\/\/infinitysmiles.net\/tr\/2025\/06\/08\/20lik-dis-cekimi-ne-zaman-gereklidir\/\" target=\"_self\"><img decoding=\"async\" src=\"https:\/\/infinitysmiles.net\/wp-content\/plugins\/bold-page-builder\/img\/blank.gif\" alt=\"20\u2019lik Di\u015f \u00c7ekimi Ne Zaman Gereklidir?\" title=\"20\u2019lik Di\u015f \u00c7ekimi Ne Zaman Gereklidir?\" class=\"btLazyLoadImage\"  data-image_src=\"https:\/\/infinitysmiles.net\/wp-content\/uploads\/2022\/12\/rcb4_xblg_220302-640x640.jpg\"><\/a><\/div><div class=\"bt_bb_latest_posts_item_content\"><div class=\"bt_bb_latest_posts_item_meta\"><span class=\"bt_bb_latest_posts_item_date\">Haziran 8, 2025<\/span><\/div><h5 class=\"bt_bb_latest_posts_item_title\"><a href=\"https:\/\/infinitysmiles.net\/tr\/2025\/06\/08\/20lik-dis-cekimi-ne-zaman-gereklidir\/\" target=\"_self\">20\u2019lik Di\u015f \u00c7ekimi Ne Zaman Gereklidir?<\/a><\/h5><\/div><\/div><div class=\"bt_bb_latest_posts_item\"><div class=\"bt_bb_latest_posts_item_image\"><a href=\"https:\/\/infinitysmiles.net\/tr\/2025\/06\/01\/dis-estetigi-ozguveninizi-nasil-etkiler\/\" target=\"_self\"><img decoding=\"async\" src=\"https:\/\/infinitysmiles.net\/wp-content\/plugins\/bold-page-builder\/img\/blank.gif\" alt=\"Di\u015f Esteti\u011fi \u00d6zg\u00fcveninizi Nas\u0131l Etkiler?\" title=\"Di\u015f Esteti\u011fi \u00d6zg\u00fcveninizi Nas\u0131l Etkiler?\" class=\"btLazyLoadImage\"  data-image_src=\"https:\/\/infinitysmiles.net\/wp-content\/uploads\/2021\/06\/dsd-03-model.jpg\"><\/a><\/div><div class=\"bt_bb_latest_posts_item_content\"><div class=\"bt_bb_latest_posts_item_meta\"><span class=\"bt_bb_latest_posts_item_date\">Haziran 1, 2025<\/span><\/div><h5 class=\"bt_bb_latest_posts_item_title\"><a href=\"https:\/\/infinitysmiles.net\/tr\/2025\/06\/01\/dis-estetigi-ozguveninizi-nasil-etkiler\/\" target=\"_self\">Di\u015f Esteti\u011fi \u00d6zg\u00fcveninizi Nas\u0131l Etkiler?<\/a><\/h5><\/div><\/div><div class=\"bt_bb_latest_posts_item\"><div class=\"bt_bb_latest_posts_item_image\"><a href=\"https:\/\/infinitysmiles.net\/tr\/2025\/05\/25\/hamilelikte-dis-tedavisi-yapilir-mi\/\" target=\"_self\"><img decoding=\"async\" src=\"https:\/\/infinitysmiles.net\/wp-content\/plugins\/bold-page-builder\/img\/blank.gif\" alt=\"Hamilelikte Di\u015f Tedavisi Yap\u0131l\u0131r m\u0131?\" title=\"Hamilelikte Di\u015f Tedavisi Yap\u0131l\u0131r m\u0131?\" class=\"btLazyLoadImage\"  data-image_src=\"https:\/\/infinitysmiles.net\/wp-content\/uploads\/2025\/05\/hamilelikte-dis-tedavisi-1-640x258.jpeg\"><\/a><\/div><div class=\"bt_bb_latest_posts_item_content\"><div class=\"bt_bb_latest_posts_item_meta\"><span class=\"bt_bb_latest_posts_item_date\">May\u0131s 25, 2025<\/span><\/div><h5 class=\"bt_bb_latest_posts_item_title\"><a href=\"https:\/\/infinitysmiles.net\/tr\/2025\/05\/25\/hamilelikte-dis-tedavisi-yapilir-mi\/\" target=\"_self\">Hamilelikte Di\u015f Tedavisi Yap\u0131l\u0131r m\u0131?<\/a><\/h5><\/div><\/div><div class=\"bt_bb_latest_posts_item\"><div class=\"bt_bb_latest_posts_item_image\"><a href=\"https:\/\/infinitysmiles.net\/tr\/2025\/05\/18\/cocuklarda-ilk-dis-muayenesi-ne-zaman-yapilmali\/\" target=\"_self\"><img decoding=\"async\" src=\"https:\/\/infinitysmiles.net\/wp-content\/plugins\/bold-page-builder\/img\/blank.gif\" alt=\"\u00c7ocuklarda \u0130lk Di\u015f Muayenesi Ne Zaman Yap\u0131lmal\u0131?\" title=\"\u00c7ocuklarda \u0130lk Di\u015f Muayenesi Ne Zaman Yap\u0131lmal\u0131?\" class=\"btLazyLoadImage\"  data-image_src=\"https:\/\/infinitysmiles.net\/wp-content\/uploads\/2022\/12\/little-beautiful-girl-dentist-looking-smiling-640x640.jpg\"><\/a><\/div><div class=\"bt_bb_latest_posts_item_content\"><div class=\"bt_bb_latest_posts_item_meta\"><span class=\"bt_bb_latest_posts_item_date\">May\u0131s 18, 2025<\/span><\/div><h5 class=\"bt_bb_latest_posts_item_title\"><a href=\"https:\/\/infinitysmiles.net\/tr\/2025\/05\/18\/cocuklarda-ilk-dis-muayenesi-ne-zaman-yapilmali\/\" target=\"_self\">\u00c7ocuklarda \u0130lk Di\u015f Muayenesi Ne Zaman Yap\u0131lmal\u0131?<\/a><\/h5><\/div><\/div><div class=\"bt_bb_latest_posts_item\"><div class=\"bt_bb_latest_posts_item_image\"><a href=\"https:\/\/infinitysmiles.net\/tr\/2025\/05\/11\/zirkonyum-ve-emax-dis-kaplamalari-hangisi-sizin-icin-uygun\/\" target=\"_self\"><img decoding=\"async\" src=\"https:\/\/infinitysmiles.net\/wp-content\/plugins\/bold-page-builder\/img\/blank.gif\" alt=\"Zirkonyum ve Emax Di\u015f Kaplamalar\u0131: Hangisi Sizin \u0130\u00e7in Uygun?\" title=\"Zirkonyum ve Emax Di\u015f Kaplamalar\u0131: Hangisi Sizin \u0130\u00e7in Uygun?\" class=\"btLazyLoadImage\"  data-image_src=\"https:\/\/infinitysmiles.net\/wp-content\/uploads\/2021\/06\/dsd-slider.jpg\"><\/a><\/div><div class=\"bt_bb_latest_posts_item_content\"><div class=\"bt_bb_latest_posts_item_meta\"><span class=\"bt_bb_latest_posts_item_date\">May\u0131s 11, 2025<\/span><\/div><h5 class=\"bt_bb_latest_posts_item_title\"><a href=\"https:\/\/infinitysmiles.net\/tr\/2025\/05\/11\/zirkonyum-ve-emax-dis-kaplamalari-hangisi-sizin-icin-uygun\/\" target=\"_self\">Zirkonyum ve Emax Di\u015f Kaplamalar\u0131: Hangisi Sizin \u0130\u00e7in Uygun?<\/a><\/h5><\/div><\/div><div class=\"bt_bb_latest_posts_item\"><div class=\"bt_bb_latest_posts_item_image\"><a href=\"https:\/\/infinitysmiles.net\/tr\/2025\/05\/04\/dis-implanti-nedir-kimler-icin-uygundur\/\" target=\"_self\"><img decoding=\"async\" src=\"https:\/\/infinitysmiles.net\/wp-content\/plugins\/bold-page-builder\/img\/blank.gif\" alt=\"Di\u015f \u0130mplant\u0131 Nedir? Kimler \u0130\u00e7in Uygundur?\" title=\"Di\u015f \u0130mplant\u0131 Nedir? Kimler \u0130\u00e7in Uygundur?\" class=\"btLazyLoadImage\"  data-image_src=\"https:\/\/infinitysmiles.net\/wp-content\/uploads\/2021\/09\/55555555-640x600.jpg\"><\/a><\/div><div class=\"bt_bb_latest_posts_item_content\"><div class=\"bt_bb_latest_posts_item_meta\"><span class=\"bt_bb_latest_posts_item_date\">May\u0131s 4, 2025<\/span><\/div><h5 class=\"bt_bb_latest_posts_item_title\"><a href=\"https:\/\/infinitysmiles.net\/tr\/2025\/05\/04\/dis-implanti-nedir-kimler-icin-uygundur\/\" target=\"_self\">Di\u015f \u0130mplant\u0131 Nedir? Kimler \u0130\u00e7in Uygundur?<\/a><\/h5><\/div><\/div><div class=\"bt_bb_latest_posts_item\"><div class=\"bt_bb_latest_posts_item_image\"><a href=\"https:\/\/infinitysmiles.net\/tr\/2025\/04\/29\/dis-beyazlatma-kalici-mi-guvenli-mi\/\" target=\"_self\"><img decoding=\"async\" src=\"https:\/\/infinitysmiles.net\/wp-content\/plugins\/bold-page-builder\/img\/blank.gif\" alt=\"Di\u015f Beyazlatma: Kal\u0131c\u0131 M\u0131? G\u00fcvenli Mi?\" title=\"Di\u015f Beyazlatma: Kal\u0131c\u0131 M\u0131? G\u00fcvenli Mi?\" class=\"btLazyLoadImage\"  data-image_src=\"https:\/\/infinitysmiles.net\/wp-content\/uploads\/2022\/12\/dentist-with-smile-640x640.jpg\"><\/a><\/div><div class=\"bt_bb_latest_posts_item_content\"><div class=\"bt_bb_latest_posts_item_meta\"><span class=\"bt_bb_latest_posts_item_date\">Nisan 29, 2025<\/span><\/div><h5 class=\"bt_bb_latest_posts_item_title\"><a href=\"https:\/\/infinitysmiles.net\/tr\/2025\/04\/29\/dis-beyazlatma-kalici-mi-guvenli-mi\/\" target=\"_self\">Di\u015f Beyazlatma: Kal\u0131c\u0131 M\u0131? G\u00fcvenli Mi?<\/a><\/h5><\/div><\/div><div class=\"bt_bb_latest_posts_item\"><div class=\"bt_bb_latest_posts_item_image\"><a href=\"https:\/\/infinitysmiles.net\/tr\/2025\/04\/20\/agiz-kokusu-halitozis-neden-olur-ve-nasil-gecer\/\" target=\"_self\"><img decoding=\"async\" src=\"https:\/\/infinitysmiles.net\/wp-content\/plugins\/bold-page-builder\/img\/blank.gif\" alt=\"A\u011f\u0131z Kokusu (Halitozis) Neden Olur ve Nas\u0131l Ge\u00e7er?\" title=\"A\u011f\u0131z Kokusu (Halitozis) Neden Olur ve Nas\u0131l Ge\u00e7er?\" class=\"btLazyLoadImage\"  data-image_src=\"https:\/\/infinitysmiles.net\/wp-content\/uploads\/2021\/09\/01-1-640x581.png\"><\/a><\/div><div class=\"bt_bb_latest_posts_item_content\"><div class=\"bt_bb_latest_posts_item_meta\"><span class=\"bt_bb_latest_posts_item_date\">Nisan 20, 2025<\/span><\/div><h5 class=\"bt_bb_latest_posts_item_title\"><a href=\"https:\/\/infinitysmiles.net\/tr\/2025\/04\/20\/agiz-kokusu-halitozis-neden-olur-ve-nasil-gecer\/\" target=\"_self\">A\u011f\u0131z Kokusu (Halitozis) Neden Olur ve Nas\u0131l Ge\u00e7er?<\/a><\/h5><\/div><\/div><div class=\"bt_bb_latest_posts_item\"><div class=\"bt_bb_latest_posts_item_image\"><a href=\"https:\/\/infinitysmiles.net\/tr\/2025\/04\/13\/dis-sikma-bruksizm\/\" target=\"_self\"><img decoding=\"async\" src=\"https:\/\/infinitysmiles.net\/wp-content\/plugins\/bold-page-builder\/img\/blank.gif\" alt=\"Di\u015f S\u0131kma (Bruksizm)\" title=\"Di\u015f S\u0131kma (Bruksizm)\" class=\"btLazyLoadImage\"  data-image_src=\"https:\/\/infinitysmiles.net\/wp-content\/uploads\/2023\/04\/portrait-beautiful-patient-holding-orthodontic-retainers-dental-clinic-640x640.jpg\"><\/a><\/div><div class=\"bt_bb_latest_posts_item_content\"><div class=\"bt_bb_latest_posts_item_meta\"><span class=\"bt_bb_latest_posts_item_date\">Nisan 13, 2025<\/span><\/div><h5 class=\"bt_bb_latest_posts_item_title\"><a href=\"https:\/\/infinitysmiles.net\/tr\/2025\/04\/13\/dis-sikma-bruksizm\/\" target=\"_self\">Di\u015f S\u0131kma (Bruksizm)<\/a><\/h5><\/div><\/div><div class=\"bt_bb_latest_posts_item\"><div class=\"bt_bb_latest_posts_item_image\"><a href=\"https:\/\/infinitysmiles.net\/tr\/2025\/04\/09\/all-on-4-implant-teknigi\/\" target=\"_self\"><img decoding=\"async\" src=\"https:\/\/infinitysmiles.net\/wp-content\/plugins\/bold-page-builder\/img\/blank.gif\" alt=\"All-on-4 \u0130mplant Tekni\u011fi\" title=\"All-on-4 \u0130mplant Tekni\u011fi\" class=\"btLazyLoadImage\"  data-image_src=\"https:\/\/infinitysmiles.net\/wp-content\/uploads\/2021\/09\/02-1.png\"><\/a><\/div><div class=\"bt_bb_latest_posts_item_content\"><div class=\"bt_bb_latest_posts_item_meta\"><span class=\"bt_bb_latest_posts_item_date\">Nisan 9, 2025<\/span><\/div><h5 class=\"bt_bb_latest_posts_item_title\"><a href=\"https:\/\/infinitysmiles.net\/tr\/2025\/04\/09\/all-on-4-implant-teknigi\/\" target=\"_self\">All-on-4 \u0130mplant Tekni\u011fi<\/a><\/h5><\/div><\/div><div class=\"bt_bb_latest_posts_item\"><div class=\"bt_bb_latest_posts_item_image\"><a href=\"https:\/\/infinitysmiles.net\/tr\/2025\/04\/07\/seffaf-plak-nedir\/\" target=\"_self\"><img decoding=\"async\" src=\"https:\/\/infinitysmiles.net\/wp-content\/plugins\/bold-page-builder\/img\/blank.gif\" alt=\"\u015eeffaf Plak Nedir?\" title=\"\u015eeffaf Plak Nedir?\" class=\"btLazyLoadImage\"  data-image_src=\"https:\/\/infinitysmiles.net\/wp-content\/uploads\/2021\/09\/p2.png\"><\/a><\/div><div class=\"bt_bb_latest_posts_item_content\"><div class=\"bt_bb_latest_posts_item_meta\"><span class=\"bt_bb_latest_posts_item_date\">Nisan 7, 2025<\/span><\/div><h5 class=\"bt_bb_latest_posts_item_title\"><a href=\"https:\/\/infinitysmiles.net\/tr\/2025\/04\/07\/seffaf-plak-nedir\/\" target=\"_self\">\u015eeffaf Plak Nedir?<\/a><\/h5><\/div><\/div><div class=\"bt_bb_latest_posts_item\"><div class=\"bt_bb_latest_posts_item_image\"><a href=\"https:\/\/infinitysmiles.net\/tr\/2024\/12\/04\/dis-estetigi-ortodonti-hakkinda-bilmeniz-gereken-her-sey\/\" target=\"_self\"><img decoding=\"async\" src=\"https:\/\/infinitysmiles.net\/wp-content\/plugins\/bold-page-builder\/img\/blank.gif\" alt=\"Di\u015f Esteti\u011fi: Ortodonti Hakk\u0131nda Bilmeniz Gereken Her \u015eey\" title=\"Di\u015f Esteti\u011fi: Ortodonti Hakk\u0131nda Bilmeniz Gereken Her \u015eey\" class=\"btLazyLoadImage\"  data-image_src=\"https:\/\/infinitysmiles.net\/wp-content\/uploads\/2021\/09\/p1.png\"><\/a><\/div><div class=\"bt_bb_latest_posts_item_content\"><div class=\"bt_bb_latest_posts_item_meta\"><span class=\"bt_bb_latest_posts_item_date\">Aral\u0131k 4, 2024<\/span><\/div><h5 class=\"bt_bb_latest_posts_item_title\"><a href=\"https:\/\/infinitysmiles.net\/tr\/2024\/12\/04\/dis-estetigi-ortodonti-hakkinda-bilmeniz-gereken-her-sey\/\" target=\"_self\">Di\u015f Esteti\u011fi: Ortodonti Hakk\u0131nda Bilmeniz Gereken Her \u015eey<\/a><\/h5><\/div><\/div><div class=\"bt_bb_latest_posts_item\"><div class=\"bt_bb_latest_posts_item_image\"><a href=\"https:\/\/infinitysmiles.net\/tr\/2024\/12\/01\/dis-klinigi-secimi-icin-kapsamli-bir-kilavuz-giris\/\" target=\"_self\"><img decoding=\"async\" src=\"https:\/\/infinitysmiles.net\/wp-content\/plugins\/bold-page-builder\/img\/blank.gif\" alt=\"Di\u015f Klini\u011fi Se\u00e7imi \u0130\u00e7in Kapsaml\u0131 Bir K\u0131lavuz Giri\u015f\" title=\"Di\u015f Klini\u011fi Se\u00e7imi \u0130\u00e7in Kapsaml\u0131 Bir K\u0131lavuz Giri\u015f\" class=\"btLazyLoadImage\"  data-image_src=\"https:\/\/infinitysmiles.net\/wp-content\/uploads\/2022\/12\/dentist-with-smile-640x640.jpg\"><\/a><\/div><div class=\"bt_bb_latest_posts_item_content\"><div class=\"bt_bb_latest_posts_item_meta\"><span class=\"bt_bb_latest_posts_item_date\">Aral\u0131k 1, 2024<\/span><\/div><h5 class=\"bt_bb_latest_posts_item_title\"><a href=\"https:\/\/infinitysmiles.net\/tr\/2024\/12\/01\/dis-klinigi-secimi-icin-kapsamli-bir-kilavuz-giris\/\" target=\"_self\">Di\u015f Klini\u011fi Se\u00e7imi \u0130\u00e7in Kapsaml\u0131 Bir K\u0131lavuz Giri\u015f<\/a><\/h5><\/div><\/div><\/div><\/div><\/div><\/div><\/div><\/div><!-- cell_inner --><\/div><!-- cell --><\/div><!-- port --><\/section>\n","protected":false},"excerpt":{"rendered":"","protected":false},"author":5,"featured_media":0,"parent":0,"menu_order":0,"comment_status":"closed","ping_status":"closed","template":"","meta":{"footnotes":""},"class_list":["post-935","page","type-page","status-publish","hentry"],"yoast_head":"<!-- This site is optimized with the Yoast SEO Premium plugin v23.8 (Yoast SEO v23.9) - https:\/\/yoast.com\/wordpress\/plugins\/seo\/ -->\n<title>Bloglar - Infinity Smiles<\/title>\n<meta name=\"robots\" content=\"index, follow, max-snippet:-1, max-image-preview:large, max-video-preview:-1\" \/>\n<link rel=\"canonical\" href=\"https:\/\/infinitysmiles.net\/tr\/blog\/\" \/>\n<meta property=\"og:locale\" content=\"tr_TR\" \/>\n<meta property=\"og:type\" content=\"article\" \/>\n<meta property=\"og:title\" content=\"Bloglar\" \/>\n<meta property=\"og:url\" content=\"https:\/\/infinitysmiles.net\/tr\/blog\/\" \/>\n<meta property=\"og:site_name\" content=\"Infinity Smiles\" \/>\n<meta property=\"article:publisher\" content=\"https:\/\/www.facebook.com\/infinitysmiles.istanbul\/\" \/>\n<meta property=\"article:modified_time\" content=\"2025-04-09T13:13:55+00:00\" \/>\n<meta name=\"twitter:card\" content=\"summary_large_image\" \/>\n<meta name=\"twitter:site\" content=\"@inf_smiles_ist\" \/>\n<meta name=\"twitter:label1\" content=\"Tahmini okuma s\u00fcresi\" \/>\n\t<meta name=\"twitter:data1\" content=\"1 dakika\" \/>\n<script type=\"application\/ld+json\" class=\"yoast-schema-graph\">{\"@context\":\"https:\/\/schema.org\",\"@graph\":[{\"@type\":\"WebPage\",\"@id\":\"https:\/\/infinitysmiles.net\/tr\/blog\/\",\"url\":\"https:\/\/infinitysmiles.net\/tr\/blog\/\",\"name\":\"Bloglar - Infinity Smiles\",\"isPartOf\":{\"@id\":\"https:\/\/infinitysmiles.net\/tr\/#website\"},\"datePublished\":\"2021-06-22T13:23:22+00:00\",\"dateModified\":\"2025-04-09T13:13:55+00:00\",\"breadcrumb\":{\"@id\":\"https:\/\/infinitysmiles.net\/tr\/blog\/#breadcrumb\"},\"inLanguage\":\"tr\",\"potentialAction\":[{\"@type\":\"ReadAction\",\"target\":[\"https:\/\/infinitysmiles.net\/tr\/blog\/\"]}]},{\"@type\":\"BreadcrumbList\",\"@id\":\"https:\/\/infinitysmiles.net\/tr\/blog\/#breadcrumb\",\"itemListElement\":[{\"@type\":\"ListItem\",\"position\":1,\"name\":\"Home\",\"item\":\"https:\/\/infinitysmiles.net\/tr\/\"},{\"@type\":\"ListItem\",\"position\":2,\"name\":\"Bloglar\"}]},{\"@type\":\"WebSite\",\"@id\":\"https:\/\/infinitysmiles.net\/tr\/#website\",\"url\":\"https:\/\/infinitysmiles.net\/tr\/\",\"name\":\"Infinity Smiles\",\"description\":\"\",\"publisher\":{\"@id\":\"https:\/\/infinitysmiles.net\/tr\/#organization\"},\"potentialAction\":[{\"@type\":\"SearchAction\",\"target\":{\"@type\":\"EntryPoint\",\"urlTemplate\":\"https:\/\/infinitysmiles.net\/tr\/?s={search_term_string}\"},\"query-input\":{\"@type\":\"PropertyValueSpecification\",\"valueRequired\":true,\"valueName\":\"search_term_string\"}}],\"inLanguage\":\"tr\"},{\"@type\":\"Organization\",\"@id\":\"https:\/\/infinitysmiles.net\/tr\/#organization\",\"name\":\"Infinity Smiles\",\"url\":\"https:\/\/infinitysmiles.net\/tr\/\",\"logo\":{\"@type\":\"ImageObject\",\"inLanguage\":\"tr\",\"@id\":\"https:\/\/infinitysmiles.net\/tr\/#\/schema\/logo\/image\/\",\"url\":\"https:\/\/infinitysmiles.net\/wp-content\/uploads\/2024\/11\/infinity-smiles-logo-en-2.webp\",\"contentUrl\":\"https:\/\/infinitysmiles.net\/wp-content\/uploads\/2024\/11\/infinity-smiles-logo-en-2.webp\",\"width\":333,\"height\":156,\"caption\":\"Infinity Smiles\"},\"image\":{\"@id\":\"https:\/\/infinitysmiles.net\/tr\/#\/schema\/logo\/image\/\"},\"sameAs\":[\"https:\/\/www.facebook.com\/infinitysmiles.istanbul\/\",\"https:\/\/x.com\/inf_smiles_ist\",\"https:\/\/www.youtube.com\/channel\/UCg2Cxy-RII1gsIqhK4iDPew\",\"https:\/\/www.instagram.com\/infinitysmiles.istanbul\/\",\"http:\/\/www.linkedin.com\/in\/infinitysmiles\"]}]}<\/script>\n<!-- \/ Yoast SEO Premium plugin. -->","yoast_head_json":{"title":"Bloglar - Infinity Smiles","robots":{"index":"index","follow":"follow","max-snippet":"max-snippet:-1","max-image-preview":"max-image-preview:large","max-video-preview":"max-video-preview:-1"},"canonical":"https:\/\/infinitysmiles.net\/tr\/blog\/","og_locale":"tr_TR","og_type":"article","og_title":"Bloglar","og_url":"https:\/\/infinitysmiles.net\/tr\/blog\/","og_site_name":"Infinity Smiles","article_publisher":"https:\/\/www.facebook.com\/infinitysmiles.istanbul\/","article_modified_time":"2025-04-09T13:13:55+00:00","twitter_card":"summary_large_image","twitter_site":"@inf_smiles_ist","twitter_misc":{"Tahmini okuma s\u00fcresi":"1 dakika"},"schema":{"@context":"https:\/\/schema.org","@graph":[{"@type":"WebPage","@id":"https:\/\/infinitysmiles.net\/tr\/blog\/","url":"https:\/\/infinitysmiles.net\/tr\/blog\/","name":"Bloglar - Infinity Smiles","isPartOf":{"@id":"https:\/\/infinitysmiles.net\/tr\/#website"},"datePublished":"2021-06-22T13:23:22+00:00","dateModified":"2025-04-09T13:13:55+00:00","breadcrumb":{"@id":"https:\/\/infinitysmiles.net\/tr\/blog\/#breadcrumb"},"inLanguage":"tr","potentialAction":[{"@type":"ReadAction","target":["https:\/\/infinitysmiles.net\/tr\/blog\/"]}]},{"@type":"BreadcrumbList","@id":"https:\/\/infinitysmiles.net\/tr\/blog\/#breadcrumb","itemListElement":[{"@type":"ListItem","position":1,"name":"Home","item":"https:\/\/infinitysmiles.net\/tr\/"},{"@type":"ListItem","position":2,"name":"Bloglar"}]},{"@type":"WebSite","@id":"https:\/\/infinitysmiles.net\/tr\/#website","url":"https:\/\/infinitysmiles.net\/tr\/","name":"Infinity Smiles","description":"","publisher":{"@id":"https:\/\/infinitysmiles.net\/tr\/#organization"},"potentialAction":[{"@type":"SearchAction","target":{"@type":"EntryPoint","urlTemplate":"https:\/\/infinitysmiles.net\/tr\/?s={search_term_string}"},"query-input":{"@type":"PropertyValueSpecification","valueRequired":true,"valueName":"search_term_string"}}],"inLanguage":"tr"},{"@type":"Organization","@id":"https:\/\/infinitysmiles.net\/tr\/#organization","name":"Infinity Smiles","url":"https:\/\/infinitysmiles.net\/tr\/","logo":{"@type":"ImageObject","inLanguage":"tr","@id":"https:\/\/infinitysmiles.net\/tr\/#\/schema\/logo\/image\/","url":"https:\/\/infinitysmiles.net\/wp-content\/uploads\/2024\/11\/infinity-smiles-logo-en-2.webp","contentUrl":"https:\/\/infinitysmiles.net\/wp-content\/uploads\/2024\/11\/infinity-smiles-logo-en-2.webp","width":333,"height":156,"caption":"Infinity Smiles"},"image":{"@id":"https:\/\/infinitysmiles.net\/tr\/#\/schema\/logo\/image\/"},"sameAs":["https:\/\/www.facebook.com\/infinitysmiles.istanbul\/","https:\/\/x.com\/inf_smiles_ist","https:\/\/www.youtube.com\/channel\/UCg2Cxy-RII1gsIqhK4iDPew","https:\/\/www.instagram.com\/infinitysmiles.istanbul\/","http:\/\/www.linkedin.com\/in\/infinitysmiles"]}]}},"_links":{"self":[{"href":"https:\/\/infinitysmiles.net\/tr\/wp-json\/wp\/v2\/pages\/935","targetHints":{"allow":["GET"]}}],"collection":[{"href":"https:\/\/infinitysmiles.net\/tr\/wp-json\/wp\/v2\/pages"}],"about":[{"href":"https:\/\/infinitysmiles.net\/tr\/wp-json\/wp\/v2\/types\/page"}],"author":[{"embeddable":true,"href":"https:\/\/infinitysmiles.net\/tr\/wp-json\/wp\/v2\/users\/5"}],"replies":[{"embeddable":true,"href":"https:\/\/infinitysmiles.net\/tr\/wp-json\/wp\/v2\/comments?post=935"}],"version-history":[{"count":6,"href":"https:\/\/infinitysmiles.net\/tr\/wp-json\/wp\/v2\/pages\/935\/revisions"}],"predecessor-version":[{"id":3858,"href":"https:\/\/infinitysmiles.net\/tr\/wp-json\/wp\/v2\/pages\/935\/revisions\/3858"}],"wp:attachment":[{"href":"https:\/\/infinitysmiles.net\/tr\/wp-json\/wp\/v2\/media?parent=935"}],"curies":[{"name":"wp","href":"https:\/\/api.w.org\/{rel}","templated":true}]}}